{"id":72,"date":"2020-03-31T12:05:26","date_gmt":"2020-03-31T10:05:26","guid":{"rendered":"https:\/\/baptistetellier.fr\/?page_id=72"},"modified":"2020-03-31T14:10:03","modified_gmt":"2020-03-31T12:10:03","slug":"a-propos-de-lauteur","status":"publish","type":"page","link":"https:\/\/baptistetellier.fr\/index.php\/a-propos-de-lauteur\/","title":{"rendered":"A propos de l&rsquo;auteur"},"content":{"rendered":"<p><img loading=\"lazy\" decoding=\"async\" class=\"wp-image-84 size-large alignnone\" src=\"https:\/\/baptistetellier.fr\/wp-content\/uploads\/2020\/03\/20170722_111406-1024x676.jpg\" alt=\"\" width=\"640\" height=\"423\" srcset=\"https:\/\/baptistetellier.fr\/wp-content\/uploads\/2020\/03\/20170722_111406-1024x676.jpg 1024w, https:\/\/baptistetellier.fr\/wp-content\/uploads\/2020\/03\/20170722_111406-300x198.jpg 300w, https:\/\/baptistetellier.fr\/wp-content\/uploads\/2020\/03\/20170722_111406-768x507.jpg 768w, https:\/\/baptistetellier.fr\/wp-content\/uploads\/2020\/03\/20170722_111406-1536x1013.jpg 1536w, https:\/\/baptistetellier.fr\/wp-content\/uploads\/2020\/03\/20170722_111406-2048x1351.jpg 2048w, https:\/\/baptistetellier.fr\/wp-content\/uploads\/2020\/03\/20170722_111406-409x270.jpg 409w\" sizes=\"auto, (max-width: 640px) 100vw, 640px\" \/><\/p>\n<p>Bonjour \u00e0 tous,<\/p>\n<p>Je m&rsquo;appelle Baptiste et je suis passionn\u00e9 d&rsquo;informatique, de jeux video, de domotique et de technologie au sens assez large du terme mais \u00e9galement de voyage \u00e0 l&rsquo;autre bout du monde.<\/p>\n<p>J&rsquo;aime bien toucher \u00e0 tout comme la photo (<a href=\"https:\/\/www.instagram.com\/plexi00\/\">Instagram<\/a>) ou la vid\u00e9o (<a href=\"https:\/\/www.youtube.com\/playlist?list=PLaRMavnqIQvmEM0hBgDW3IYiOjDHOscwq\">Youtube<\/a>) ce qui me permet de partager avec tout le monde mes voyages et leurs paysages que j&rsquo;adore comme vous pouvez le voir en banni\u00e8re \ud83d\ude42 .<\/p>\n<p>Je travail dans l&rsquo;informatique depuis une 10\u00e8ne d&rsquo;ann\u00e9e suite \u00e0 mon cursus dans une \u00e9cole d&rsquo;ing\u00e9nieur. Dans un premier temps, dans une soci\u00e9t\u00e9 de service puis aujourd&rsquo;hui chez un \u00e9diteur de logiciel de sauvegarde. <a href=\"https:\/\/www.linkedin.com\/in\/baptiste-tellier-69635852\/\">LinkedIn<\/a><\/p>\n<p>Biensur, mes publications n\u2019engagent que moi, c&rsquo;est un blog personnel non affili\u00e9 \ud83d\ude09<\/p>\n<p>\u00e0 bient\u00f4t !<\/p>\n","protected":false},"excerpt":{"rendered":"<p>Bonjour \u00e0 tous, Je m&rsquo;appelle Baptiste et je suis passionn\u00e9 d&rsquo;informatique, de jeux video, de domotique et de technologie au sens assez large du terme mais \u00e9galement de voyage \u00e0 l&rsquo;autre bout du monde. J&rsquo;aime bien toucher \u00e0 tout comme la photo (Instagram) ou la vid\u00e9o (Youtube) ce qui me permet de partager avec tout le monde mes voyages et leurs paysages que j&rsquo;adore comme vous pouvez le voir en banni\u00e8re \ud83d\ude42 . Je travail dans l&rsquo;informatique depuis une 10\u00e8ne&#8230;<\/p>\n<p class=\"read-more\"><a class=\"btn btn-default\" href=\"https:\/\/baptistetellier.fr\/index.php\/a-propos-de-lauteur\/\">Lire la suite<span class=\"screen-reader-text\"> Lire la suite<\/span><\/a><\/p>\n","protected":false},"author":1,"featured_media":0,"parent":0,"menu_order":0,"comment_status":"closed","ping_status":"closed","template":"","meta":{"_monsterinsights_skip_tracking":false,"_monsterinsights_sitenote_active":false,"_monsterinsights_sitenote_note":"","_monsterinsights_sitenote_category":0,"footnotes":""},"class_list":["post-72","page","type-page","status-publish","hentry"],"yoast_head":"<!-- This site is optimized with the Yoast SEO plugin v27.4 - https:\/\/yoast.com\/product\/yoast-seo-wordpress\/ -->\n<title>A propos de l&#039;auteur - Baptiste Tellier<\/title>\n<meta name=\"robots\" content=\"noindex, follow\" \/>\n<meta property=\"og:locale\" content=\"fr_FR\" \/>\n<meta property=\"og:type\" content=\"article\" \/>\n<meta property=\"og:title\" content=\"A propos de l&#039;auteur - Baptiste Tellier\" \/>\n<meta property=\"og:description\" content=\"Bonjour \u00e0 tous, Je m&rsquo;appelle Baptiste et je suis passionn\u00e9 d&rsquo;informatique, de jeux video, de domotique et de technologie au sens assez large du terme mais \u00e9galement de voyage \u00e0 l&rsquo;autre bout du monde. J&rsquo;aime bien toucher \u00e0 tout comme la photo (Instagram) ou la vid\u00e9o (Youtube) ce qui me permet de partager avec tout le monde mes voyages et leurs paysages que j&rsquo;adore comme vous pouvez le voir en banni\u00e8re \ud83d\ude42 . Je travail dans l&rsquo;informatique depuis une 10\u00e8ne...Lire la suite Lire la suite\" \/>\n<meta property=\"og:url\" content=\"https:\/\/baptistetellier.fr\/index.php\/a-propos-de-lauteur\/\" \/>\n<meta property=\"og:site_name\" content=\"Baptiste Tellier\" \/>\n<meta property=\"article:modified_time\" content=\"2020-03-31T12:10:03+00:00\" \/>\n<meta property=\"og:image\" content=\"https:\/\/baptistetellier.fr\/wp-content\/uploads\/2020\/03\/20170722_111406-1024x676.jpg\" \/>\n<meta name=\"twitter:card\" content=\"summary_large_image\" \/>\n<meta name=\"twitter:label1\" content=\"Dur\u00e9e de lecture estim\u00e9e\" \/>\n\t<meta name=\"twitter:data1\" content=\"1 minute\" \/>\n<script type=\"application\/ld+json\" class=\"yoast-schema-graph\">{\"@context\":\"https:\\\/\\\/schema.org\",\"@graph\":[{\"@type\":\"WebPage\",\"@id\":\"https:\\\/\\\/baptistetellier.fr\\\/index.php\\\/a-propos-de-lauteur\\\/\",\"url\":\"https:\\\/\\\/baptistetellier.fr\\\/index.php\\\/a-propos-de-lauteur\\\/\",\"name\":\"A propos de l'auteur - Baptiste Tellier\",\"isPartOf\":{\"@id\":\"https:\\\/\\\/baptistetellier.fr\\\/#website\"},\"primaryImageOfPage\":{\"@id\":\"https:\\\/\\\/baptistetellier.fr\\\/index.php\\\/a-propos-de-lauteur\\\/#primaryimage\"},\"image\":{\"@id\":\"https:\\\/\\\/baptistetellier.fr\\\/index.php\\\/a-propos-de-lauteur\\\/#primaryimage\"},\"thumbnailUrl\":\"https:\\\/\\\/baptistetellier.fr\\\/wp-content\\\/uploads\\\/2020\\\/03\\\/20170722_111406-1024x676.jpg\",\"datePublished\":\"2020-03-31T10:05:26+00:00\",\"dateModified\":\"2020-03-31T12:10:03+00:00\",\"breadcrumb\":{\"@id\":\"https:\\\/\\\/baptistetellier.fr\\\/index.php\\\/a-propos-de-lauteur\\\/#breadcrumb\"},\"inLanguage\":\"fr-FR\",\"potentialAction\":[{\"@type\":\"ReadAction\",\"target\":[\"https:\\\/\\\/baptistetellier.fr\\\/index.php\\\/a-propos-de-lauteur\\\/\"]}]},{\"@type\":\"ImageObject\",\"inLanguage\":\"fr-FR\",\"@id\":\"https:\\\/\\\/baptistetellier.fr\\\/index.php\\\/a-propos-de-lauteur\\\/#primaryimage\",\"url\":\"https:\\\/\\\/baptistetellier.fr\\\/wp-content\\\/uploads\\\/2020\\\/03\\\/20170722_111406-1024x676.jpg\",\"contentUrl\":\"https:\\\/\\\/baptistetellier.fr\\\/wp-content\\\/uploads\\\/2020\\\/03\\\/20170722_111406-1024x676.jpg\"},{\"@type\":\"BreadcrumbList\",\"@id\":\"https:\\\/\\\/baptistetellier.fr\\\/index.php\\\/a-propos-de-lauteur\\\/#breadcrumb\",\"itemListElement\":[{\"@type\":\"ListItem\",\"position\":1,\"name\":\"Accueil\",\"item\":\"https:\\\/\\\/baptistetellier.fr\\\/\"},{\"@type\":\"ListItem\",\"position\":2,\"name\":\"A propos de l&rsquo;auteur\"}]},{\"@type\":\"WebSite\",\"@id\":\"https:\\\/\\\/baptistetellier.fr\\\/#website\",\"url\":\"https:\\\/\\\/baptistetellier.fr\\\/\",\"name\":\"Baptiste Tellier\",\"description\":\"\",\"publisher\":{\"@id\":\"https:\\\/\\\/baptistetellier.fr\\\/#\\\/schema\\\/person\\\/0e3e43784261c58dd916e9f0a1673541\"},\"potentialAction\":[{\"@type\":\"SearchAction\",\"target\":{\"@type\":\"EntryPoint\",\"urlTemplate\":\"https:\\\/\\\/baptistetellier.fr\\\/?s={search_term_string}\"},\"query-input\":{\"@type\":\"PropertyValueSpecification\",\"valueRequired\":true,\"valueName\":\"search_term_string\"}}],\"inLanguage\":\"fr-FR\"},{\"@type\":[\"Person\",\"Organization\"],\"@id\":\"https:\\\/\\\/baptistetellier.fr\\\/#\\\/schema\\\/person\\\/0e3e43784261c58dd916e9f0a1673541\",\"name\":\"Baptiste Tellier\",\"image\":{\"@type\":\"ImageObject\",\"inLanguage\":\"fr-FR\",\"@id\":\"https:\\\/\\\/baptistetellier.fr\\\/wp-content\\\/uploads\\\/2020\\\/09\\\/20190315_110256-2.jpg\",\"url\":\"https:\\\/\\\/baptistetellier.fr\\\/wp-content\\\/uploads\\\/2020\\\/09\\\/20190315_110256-2.jpg\",\"contentUrl\":\"https:\\\/\\\/baptistetellier.fr\\\/wp-content\\\/uploads\\\/2020\\\/09\\\/20190315_110256-2.jpg\",\"width\":2025,\"height\":1562,\"caption\":\"Baptiste Tellier\"},\"logo\":{\"@id\":\"https:\\\/\\\/baptistetellier.fr\\\/wp-content\\\/uploads\\\/2020\\\/09\\\/20190315_110256-2.jpg\"}}]}<\/script>\n<!-- \/ Yoast SEO plugin. -->","yoast_head_json":{"title":"A propos de l'auteur - Baptiste Tellier","robots":{"index":"noindex","follow":"follow"},"og_locale":"fr_FR","og_type":"article","og_title":"A propos de l'auteur - Baptiste Tellier","og_description":"Bonjour \u00e0 tous, Je m&rsquo;appelle Baptiste et je suis passionn\u00e9 d&rsquo;informatique, de jeux video, de domotique et de technologie au sens assez large du terme mais \u00e9galement de voyage \u00e0 l&rsquo;autre bout du monde. J&rsquo;aime bien toucher \u00e0 tout comme la photo (Instagram) ou la vid\u00e9o (Youtube) ce qui me permet de partager avec tout le monde mes voyages et leurs paysages que j&rsquo;adore comme vous pouvez le voir en banni\u00e8re \ud83d\ude42 . Je travail dans l&rsquo;informatique depuis une 10\u00e8ne...Lire la suite Lire la suite","og_url":"https:\/\/baptistetellier.fr\/index.php\/a-propos-de-lauteur\/","og_site_name":"Baptiste Tellier","article_modified_time":"2020-03-31T12:10:03+00:00","og_image":[{"url":"https:\/\/baptistetellier.fr\/wp-content\/uploads\/2020\/03\/20170722_111406-1024x676.jpg","type":"","width":"","height":""}],"twitter_card":"summary_large_image","twitter_misc":{"Dur\u00e9e de lecture estim\u00e9e":"1 minute"},"schema":{"@context":"https:\/\/schema.org","@graph":[{"@type":"WebPage","@id":"https:\/\/baptistetellier.fr\/index.php\/a-propos-de-lauteur\/","url":"https:\/\/baptistetellier.fr\/index.php\/a-propos-de-lauteur\/","name":"A propos de l'auteur - Baptiste Tellier","isPartOf":{"@id":"https:\/\/baptistetellier.fr\/#website"},"primaryImageOfPage":{"@id":"https:\/\/baptistetellier.fr\/index.php\/a-propos-de-lauteur\/#primaryimage"},"image":{"@id":"https:\/\/baptistetellier.fr\/index.php\/a-propos-de-lauteur\/#primaryimage"},"thumbnailUrl":"https:\/\/baptistetellier.fr\/wp-content\/uploads\/2020\/03\/20170722_111406-1024x676.jpg","datePublished":"2020-03-31T10:05:26+00:00","dateModified":"2020-03-31T12:10:03+00:00","breadcrumb":{"@id":"https:\/\/baptistetellier.fr\/index.php\/a-propos-de-lauteur\/#breadcrumb"},"inLanguage":"fr-FR","potentialAction":[{"@type":"ReadAction","target":["https:\/\/baptistetellier.fr\/index.php\/a-propos-de-lauteur\/"]}]},{"@type":"ImageObject","inLanguage":"fr-FR","@id":"https:\/\/baptistetellier.fr\/index.php\/a-propos-de-lauteur\/#primaryimage","url":"https:\/\/baptistetellier.fr\/wp-content\/uploads\/2020\/03\/20170722_111406-1024x676.jpg","contentUrl":"https:\/\/baptistetellier.fr\/wp-content\/uploads\/2020\/03\/20170722_111406-1024x676.jpg"},{"@type":"BreadcrumbList","@id":"https:\/\/baptistetellier.fr\/index.php\/a-propos-de-lauteur\/#breadcrumb","itemListElement":[{"@type":"ListItem","position":1,"name":"Accueil","item":"https:\/\/baptistetellier.fr\/"},{"@type":"ListItem","position":2,"name":"A propos de l&rsquo;auteur"}]},{"@type":"WebSite","@id":"https:\/\/baptistetellier.fr\/#website","url":"https:\/\/baptistetellier.fr\/","name":"Baptiste Tellier","description":"","publisher":{"@id":"https:\/\/baptistetellier.fr\/#\/schema\/person\/0e3e43784261c58dd916e9f0a1673541"},"potentialAction":[{"@type":"SearchAction","target":{"@type":"EntryPoint","urlTemplate":"https:\/\/baptistetellier.fr\/?s={search_term_string}"},"query-input":{"@type":"PropertyValueSpecification","valueRequired":true,"valueName":"search_term_string"}}],"inLanguage":"fr-FR"},{"@type":["Person","Organization"],"@id":"https:\/\/baptistetellier.fr\/#\/schema\/person\/0e3e43784261c58dd916e9f0a1673541","name":"Baptiste Tellier","image":{"@type":"ImageObject","inLanguage":"fr-FR","@id":"https:\/\/baptistetellier.fr\/wp-content\/uploads\/2020\/09\/20190315_110256-2.jpg","url":"https:\/\/baptistetellier.fr\/wp-content\/uploads\/2020\/09\/20190315_110256-2.jpg","contentUrl":"https:\/\/baptistetellier.fr\/wp-content\/uploads\/2020\/09\/20190315_110256-2.jpg","width":2025,"height":1562,"caption":"Baptiste Tellier"},"logo":{"@id":"https:\/\/baptistetellier.fr\/wp-content\/uploads\/2020\/09\/20190315_110256-2.jpg"}}]}},"_links":{"self":[{"href":"https:\/\/baptistetellier.fr\/index.php\/wp-json\/wp\/v2\/pages\/72","targetHints":{"allow":["GET"]}}],"collection":[{"href":"https:\/\/baptistetellier.fr\/index.php\/wp-json\/wp\/v2\/pages"}],"about":[{"href":"https:\/\/baptistetellier.fr\/index.php\/wp-json\/wp\/v2\/types\/page"}],"author":[{"embeddable":true,"href":"https:\/\/baptistetellier.fr\/index.php\/wp-json\/wp\/v2\/users\/1"}],"replies":[{"embeddable":true,"href":"https:\/\/baptistetellier.fr\/index.php\/wp-json\/wp\/v2\/comments?post=72"}],"version-history":[{"count":7,"href":"https:\/\/baptistetellier.fr\/index.php\/wp-json\/wp\/v2\/pages\/72\/revisions"}],"predecessor-version":[{"id":91,"href":"https:\/\/baptistetellier.fr\/index.php\/wp-json\/wp\/v2\/pages\/72\/revisions\/91"}],"wp:attachment":[{"href":"https:\/\/baptistetellier.fr\/index.php\/wp-json\/wp\/v2\/media?parent=72"}],"curies":[{"name":"wp","href":"https:\/\/api.w.org\/{rel}","templated":true}]}}