{"id":1290,"date":"2025-12-12T09:12:24","date_gmt":"2025-12-12T08:12:24","guid":{"rendered":"https:\/\/baptistetellier.fr\/?page_id=1290"},"modified":"2026-04-11T22:19:45","modified_gmt":"2026-04-11T20:19:45","slug":"veeam-software-appliance-ressources","status":"publish","type":"page","link":"https:\/\/baptistetellier.fr\/index.php\/veeam-software-appliance-ressources\/","title":{"rendered":"Veeam Software Appliance ressources"},"content":{"rendered":"<p>Dans cette page, je vous regroupe tout les liens int\u00e9ressant concernant la Veeam Software Appliance. Des best practices, des vid\u00e9os, des projets github etc&#8230; n&rsquo;h\u00e9sitez pas si vous voulez rajouter le votre \ud83d\ude09<\/p>\n<h2>Vid\u00e9o<\/h2>\n<ul>\n<li><a href=\"https:\/\/www.youtube.com\/watch?v=zyh_eqvD_q0\" target=\"_blank\" rel=\"noopener\"> VTCC H2 &#8211; Quoi de neuf dans Veeam Data Platform V13<\/a><\/li>\n<li><a href=\"https:\/\/www.youtube.com\/watch?v=EQ8pqSL83YU\" target=\"_blank\" rel=\"noopener\"> VTCC H2 &#8211; Deep Dive Veeam Software Appliance<\/a><\/li>\n<li>Autodeploy script : <a href=\"https:\/\/www.youtube.com\/watch?v=Ri877QyX6i8\" rel=\"nofollow\">Part 1<\/a> <a href=\"https:\/\/www.youtube.com\/watch?v=fIvcHSPhUUM\" rel=\"nofollow\">Part 2<\/a> <a href=\"https:\/\/www.youtube.com\/watch?v=MwQcrLufKDU\" rel=\"nofollow\">Part 3<\/a> <a href=\"https:\/\/www.youtube.com\/watch?v=O56TzfvDNT0\" rel=\"nofollow\">Part 4<\/a> <a href=\"https:\/\/www.youtube.com\/watch?v=-LA9wKzujyA\" rel=\"nofollow\">Part 5<\/a><\/li>\n<li><a href=\"https:\/\/www.youtube.com\/watch?v=L9I46ODz-6I\" target=\"_blank\" rel=\"noopener\"> Veeam Software Appliance v13 &#8211; D\u00e9ploiement et Prise en main<\/a><\/li>\n<li><a href=\"https:\/\/www.youtube.com\/watch?v=dUKeRtK4ta8\" target=\"_blank\" rel=\"noopener\"> Prise en main beta 2 v13 &#8211; Haute disponibilit\u00e9 native !<\/a><\/li>\n<li><a href=\"https:\/\/www.youtube.com\/watch?v=gq2OsdIO7Ic\" target=\"_blank\" rel=\"noopener\"> Prise en main beta v13 &#8211; JeOS installation pour Veeam Hardened Repository<\/a><\/li>\n<\/ul>\n<h2>Projet Github<\/h2>\n<ul>\n<li><a href=\"https:\/\/github.com\/BaptisteTellier\/autodeploy\" target=\"_blank\" rel=\"noopener\">https:\/\/github.com\/BaptisteTellier\/autodeploy<\/a><\/li>\n<li><a href=\"https:\/\/github.com\/jorgedlcruz\/veeam-appliance-password-rotate\" target=\"_blank\" rel=\"noopener\">https:\/\/github.com\/jorgedlcruz\/veeam-appliance-password-rotate<\/a><\/li>\n<li><a href=\"https:\/\/github.com\/VeeamHub\/veeam-vsa-repo-mirror\" target=\"_blank\" rel=\"noopener\">https:\/\/github.com\/VeeamHub\/veeam-vsa-repo-mirror<\/a><\/li>\n<\/ul>\n<h2>Blog Post<\/h2>\n<ul>\n<li>Create your own update repository (clone veeeam rocky repository) :\u00a0<a href=\"https:\/\/blog.backupnext.cloud\/en\/2025\/09\/veeam-software-appliance-04\/\" target=\"_blank\" rel=\"noopener\">https:\/\/blog.backupnext.cloud\/en\/2025\/09\/veeam-software-appliance-04\/<\/a><\/li>\n<li>Ultimate upgrade to v13 : <a href=\"https:\/\/blog.leaha.co.uk\/2025\/11\/22\/veeam-data-platform-13-ultimate-upgrade-guide\/\" target=\"_blank\" rel=\"noopener\">https:\/\/blog.leaha.co.uk\/2025\/11\/22\/veeam-data-platform-13-ultimate-upgrade-guide\/<\/a><\/li>\n<\/ul>\n<h2>KB<\/h2>\n<ul>\n<li>Relation entre regkey et conf VSA : <a href=\"https:\/\/www.veeam.com\/kb4779\" target=\"_blank\" rel=\"noopener\">https:\/\/www.veeam.com\/kb4779<\/a><\/li>\n<\/ul>\n","protected":false},"excerpt":{"rendered":"<p>Dans cette page, je vous regroupe tout les liens int\u00e9ressant concernant la Veeam Software Appliance. Des best practices, des vid\u00e9os, des projets github etc&#8230; n&rsquo;h\u00e9sitez pas si vous voulez rajouter le votre \ud83d\ude09 Vid\u00e9o VTCC H2 &#8211; Quoi de neuf dans Veeam Data Platform V13 VTCC H2 &#8211; Deep Dive Veeam Software Appliance Autodeploy script : Part 1 Part 2 Part 3 Part 4 Part 5 Veeam Software Appliance v13 &#8211; D\u00e9ploiement et Prise en main Prise en main beta&#8230;<\/p>\n<p class=\"read-more\"><a class=\"btn btn-default\" href=\"https:\/\/baptistetellier.fr\/index.php\/veeam-software-appliance-ressources\/\">Lire la suite<span class=\"screen-reader-text\"> Lire la suite<\/span><\/a><\/p>\n","protected":false},"author":1,"featured_media":0,"parent":0,"menu_order":0,"comment_status":"closed","ping_status":"closed","template":"","meta":{"_monsterinsights_skip_tracking":false,"_monsterinsights_sitenote_active":false,"_monsterinsights_sitenote_note":"","_monsterinsights_sitenote_category":0,"footnotes":""},"class_list":["post-1290","page","type-page","status-publish","hentry"],"yoast_head":"<!-- This site is optimized with the Yoast SEO plugin v27.5 - https:\/\/yoast.com\/product\/yoast-seo-wordpress\/ -->\n<title>Veeam Software Appliance ressources - Baptiste Tellier<\/title>\n<meta name=\"robots\" content=\"noindex, follow\" \/>\n<meta property=\"og:locale\" content=\"fr_FR\" \/>\n<meta property=\"og:type\" content=\"article\" \/>\n<meta property=\"og:title\" content=\"Veeam Software Appliance ressources - Baptiste Tellier\" \/>\n<meta property=\"og:description\" content=\"Dans cette page, je vous regroupe tout les liens int\u00e9ressant concernant la Veeam Software Appliance. Des best practices, des vid\u00e9os, des projets github etc&#8230; n&rsquo;h\u00e9sitez pas si vous voulez rajouter le votre \ud83d\ude09 Vid\u00e9o VTCC H2 &#8211; Quoi de neuf dans Veeam Data Platform V13 VTCC H2 &#8211; Deep Dive Veeam Software Appliance Autodeploy script : Part 1 Part 2 Part 3 Part 4 Part 5 Veeam Software Appliance v13 &#8211; D\u00e9ploiement et Prise en main Prise en main beta...Lire la suite Lire la suite\" \/>\n<meta property=\"og:url\" content=\"https:\/\/baptistetellier.fr\/index.php\/veeam-software-appliance-ressources\/\" \/>\n<meta property=\"og:site_name\" content=\"Baptiste Tellier\" \/>\n<meta property=\"article:modified_time\" content=\"2026-04-11T20:19:45+00:00\" \/>\n<meta name=\"twitter:card\" content=\"summary_large_image\" \/>\n<meta name=\"twitter:label1\" content=\"Dur\u00e9e de lecture estim\u00e9e\" \/>\n\t<meta name=\"twitter:data1\" content=\"1 minute\" \/>\n<script type=\"application\/ld+json\" class=\"yoast-schema-graph\">{\"@context\":\"https:\\\/\\\/schema.org\",\"@graph\":[{\"@type\":\"WebPage\",\"@id\":\"https:\\\/\\\/baptistetellier.fr\\\/index.php\\\/veeam-software-appliance-ressources\\\/\",\"url\":\"https:\\\/\\\/baptistetellier.fr\\\/index.php\\\/veeam-software-appliance-ressources\\\/\",\"name\":\"Veeam Software Appliance ressources - Baptiste Tellier\",\"isPartOf\":{\"@id\":\"https:\\\/\\\/baptistetellier.fr\\\/#website\"},\"datePublished\":\"2025-12-12T08:12:24+00:00\",\"dateModified\":\"2026-04-11T20:19:45+00:00\",\"breadcrumb\":{\"@id\":\"https:\\\/\\\/baptistetellier.fr\\\/index.php\\\/veeam-software-appliance-ressources\\\/#breadcrumb\"},\"inLanguage\":\"fr-FR\",\"potentialAction\":[{\"@type\":\"ReadAction\",\"target\":[\"https:\\\/\\\/baptistetellier.fr\\\/index.php\\\/veeam-software-appliance-ressources\\\/\"]}]},{\"@type\":\"BreadcrumbList\",\"@id\":\"https:\\\/\\\/baptistetellier.fr\\\/index.php\\\/veeam-software-appliance-ressources\\\/#breadcrumb\",\"itemListElement\":[{\"@type\":\"ListItem\",\"position\":1,\"name\":\"Accueil\",\"item\":\"https:\\\/\\\/baptistetellier.fr\\\/\"},{\"@type\":\"ListItem\",\"position\":2,\"name\":\"Veeam Software Appliance ressources\"}]},{\"@type\":\"WebSite\",\"@id\":\"https:\\\/\\\/baptistetellier.fr\\\/#website\",\"url\":\"https:\\\/\\\/baptistetellier.fr\\\/\",\"name\":\"Baptiste Tellier\",\"description\":\"\",\"publisher\":{\"@id\":\"https:\\\/\\\/baptistetellier.fr\\\/#\\\/schema\\\/person\\\/0e3e43784261c58dd916e9f0a1673541\"},\"potentialAction\":[{\"@type\":\"SearchAction\",\"target\":{\"@type\":\"EntryPoint\",\"urlTemplate\":\"https:\\\/\\\/baptistetellier.fr\\\/?s={search_term_string}\"},\"query-input\":{\"@type\":\"PropertyValueSpecification\",\"valueRequired\":true,\"valueName\":\"search_term_string\"}}],\"inLanguage\":\"fr-FR\"},{\"@type\":[\"Person\",\"Organization\"],\"@id\":\"https:\\\/\\\/baptistetellier.fr\\\/#\\\/schema\\\/person\\\/0e3e43784261c58dd916e9f0a1673541\",\"name\":\"Baptiste Tellier\",\"image\":{\"@type\":\"ImageObject\",\"inLanguage\":\"fr-FR\",\"@id\":\"https:\\\/\\\/baptistetellier.fr\\\/wp-content\\\/uploads\\\/2020\\\/09\\\/20190315_110256-2.jpg\",\"url\":\"https:\\\/\\\/baptistetellier.fr\\\/wp-content\\\/uploads\\\/2020\\\/09\\\/20190315_110256-2.jpg\",\"contentUrl\":\"https:\\\/\\\/baptistetellier.fr\\\/wp-content\\\/uploads\\\/2020\\\/09\\\/20190315_110256-2.jpg\",\"width\":2025,\"height\":1562,\"caption\":\"Baptiste Tellier\"},\"logo\":{\"@id\":\"https:\\\/\\\/baptistetellier.fr\\\/wp-content\\\/uploads\\\/2020\\\/09\\\/20190315_110256-2.jpg\"}}]}<\/script>\n<!-- \/ Yoast SEO plugin. -->","yoast_head_json":{"title":"Veeam Software Appliance ressources - Baptiste Tellier","robots":{"index":"noindex","follow":"follow"},"og_locale":"fr_FR","og_type":"article","og_title":"Veeam Software Appliance ressources - Baptiste Tellier","og_description":"Dans cette page, je vous regroupe tout les liens int\u00e9ressant concernant la Veeam Software Appliance. Des best practices, des vid\u00e9os, des projets github etc&#8230; n&rsquo;h\u00e9sitez pas si vous voulez rajouter le votre \ud83d\ude09 Vid\u00e9o VTCC H2 &#8211; Quoi de neuf dans Veeam Data Platform V13 VTCC H2 &#8211; Deep Dive Veeam Software Appliance Autodeploy script : Part 1 Part 2 Part 3 Part 4 Part 5 Veeam Software Appliance v13 &#8211; D\u00e9ploiement et Prise en main Prise en main beta...Lire la suite Lire la suite","og_url":"https:\/\/baptistetellier.fr\/index.php\/veeam-software-appliance-ressources\/","og_site_name":"Baptiste Tellier","article_modified_time":"2026-04-11T20:19:45+00:00","twitter_card":"summary_large_image","twitter_misc":{"Dur\u00e9e de lecture estim\u00e9e":"1 minute"},"schema":{"@context":"https:\/\/schema.org","@graph":[{"@type":"WebPage","@id":"https:\/\/baptistetellier.fr\/index.php\/veeam-software-appliance-ressources\/","url":"https:\/\/baptistetellier.fr\/index.php\/veeam-software-appliance-ressources\/","name":"Veeam Software Appliance ressources - Baptiste Tellier","isPartOf":{"@id":"https:\/\/baptistetellier.fr\/#website"},"datePublished":"2025-12-12T08:12:24+00:00","dateModified":"2026-04-11T20:19:45+00:00","breadcrumb":{"@id":"https:\/\/baptistetellier.fr\/index.php\/veeam-software-appliance-ressources\/#breadcrumb"},"inLanguage":"fr-FR","potentialAction":[{"@type":"ReadAction","target":["https:\/\/baptistetellier.fr\/index.php\/veeam-software-appliance-ressources\/"]}]},{"@type":"BreadcrumbList","@id":"https:\/\/baptistetellier.fr\/index.php\/veeam-software-appliance-ressources\/#breadcrumb","itemListElement":[{"@type":"ListItem","position":1,"name":"Accueil","item":"https:\/\/baptistetellier.fr\/"},{"@type":"ListItem","position":2,"name":"Veeam Software Appliance ressources"}]},{"@type":"WebSite","@id":"https:\/\/baptistetellier.fr\/#website","url":"https:\/\/baptistetellier.fr\/","name":"Baptiste Tellier","description":"","publisher":{"@id":"https:\/\/baptistetellier.fr\/#\/schema\/person\/0e3e43784261c58dd916e9f0a1673541"},"potentialAction":[{"@type":"SearchAction","target":{"@type":"EntryPoint","urlTemplate":"https:\/\/baptistetellier.fr\/?s={search_term_string}"},"query-input":{"@type":"PropertyValueSpecification","valueRequired":true,"valueName":"search_term_string"}}],"inLanguage":"fr-FR"},{"@type":["Person","Organization"],"@id":"https:\/\/baptistetellier.fr\/#\/schema\/person\/0e3e43784261c58dd916e9f0a1673541","name":"Baptiste Tellier","image":{"@type":"ImageObject","inLanguage":"fr-FR","@id":"https:\/\/baptistetellier.fr\/wp-content\/uploads\/2020\/09\/20190315_110256-2.jpg","url":"https:\/\/baptistetellier.fr\/wp-content\/uploads\/2020\/09\/20190315_110256-2.jpg","contentUrl":"https:\/\/baptistetellier.fr\/wp-content\/uploads\/2020\/09\/20190315_110256-2.jpg","width":2025,"height":1562,"caption":"Baptiste Tellier"},"logo":{"@id":"https:\/\/baptistetellier.fr\/wp-content\/uploads\/2020\/09\/20190315_110256-2.jpg"}}]}},"_links":{"self":[{"href":"https:\/\/baptistetellier.fr\/index.php\/wp-json\/wp\/v2\/pages\/1290","targetHints":{"allow":["GET"]}}],"collection":[{"href":"https:\/\/baptistetellier.fr\/index.php\/wp-json\/wp\/v2\/pages"}],"about":[{"href":"https:\/\/baptistetellier.fr\/index.php\/wp-json\/wp\/v2\/types\/page"}],"author":[{"embeddable":true,"href":"https:\/\/baptistetellier.fr\/index.php\/wp-json\/wp\/v2\/users\/1"}],"replies":[{"embeddable":true,"href":"https:\/\/baptistetellier.fr\/index.php\/wp-json\/wp\/v2\/comments?post=1290"}],"version-history":[{"count":6,"href":"https:\/\/baptistetellier.fr\/index.php\/wp-json\/wp\/v2\/pages\/1290\/revisions"}],"predecessor-version":[{"id":1300,"href":"https:\/\/baptistetellier.fr\/index.php\/wp-json\/wp\/v2\/pages\/1290\/revisions\/1300"}],"wp:attachment":[{"href":"https:\/\/baptistetellier.fr\/index.php\/wp-json\/wp\/v2\/media?parent=1290"}],"curies":[{"name":"wp","href":"https:\/\/api.w.org\/{rel}","templated":true}]}}